{"id":119,"date":"2022-03-14T05:13:52","date_gmt":"2022-03-14T05:13:52","guid":{"rendered":"https:\/\/liderdesucesso.com\/index.php\/about\/"},"modified":"2025-11-03T10:44:53","modified_gmt":"2025-11-03T13:44:53","slug":"about","status":"publish","type":"page","link":"https:\/\/liderdesucesso.com\/index.php\/about\/","title":{"rendered":"About"},"content":{"rendered":"<style>\/*! elementor - v3.19.0 - 07-02-2024 *\/\n.elementor-heading-title{padding:0;margin:0;line-height:1}.elementor-widget-heading .elementor-heading-title[class*=elementor-size-]>a{color:inherit;font-size:inherit;line-height:inherit}.elementor-widget-heading .elementor-heading-title.elementor-size-small{font-size:15px}.elementor-widget-heading .elementor-heading-title.elementor-size-medium{font-size:19px}.elementor-widget-heading .elementor-heading-title.elementor-size-large{font-size:29px}.elementor-widget-heading .elementor-heading-title.elementor-size-xl{font-size:39px}.elementor-widget-heading .elementor-heading-title.elementor-size-xxl{font-size:59px}<\/style>\n<h1>Sobre n\u00f3s <\/h1>\n<p>L\u00edde de sucesso<\/p>\n<h2>Apaixonados por Tecnologia, <br \/>apaixonados por Pessoas<\/h2>\n<p>Somos uma empresa apaixonada por desafios e buscamos incansavelmente inspirar nossos profissionais a transformar o neg\u00f3cio dos nossos clientes por meio da tecnologia.<\/p>\n<p>Juntamos d\u00e9cadas de conhecimento, e um time multidisciplinar com vasta experi\u00eancia no mercado, para simplificar e ajudar voc\u00ea a alcan\u00e7ar os resultados da sua empresa.<\/p>\n<p>\t\t\t<a href=\"\/index.php\/contact-us\/\"><br \/>\n\t\t\t\t<svg aria-hidden=\"true\" viewBox=\"0 0 256 512\" xmlns=\"http:\/\/www.w3.org\/2000\/svg\"><path d=\"M224.3 273l-136 136c-9.4 9.4-24.6 9.4-33.9 0l-22.6-22.6c-9.4-9.4-9.4-24.6 0-33.9l96.4-96.4-96.4-96.4c-9.4-9.4-9.4-24.6 0-33.9L54.3 103c9.4-9.4 24.6-9.4 33.9 0l136 136c9.5 9.4 9.5 24.6.1 34z\"><\/path><\/svg><br \/>\n\t\t\t\t\t\tContato<br \/>\n\t\t\t\t\t<\/a><\/p>\n<style>\/*! elementor - v3.19.0 - 07-02-2024 *\/\n.elementor-widget-image{text-align:center}.elementor-widget-image a{display:inline-block}.elementor-widget-image a img[src$=\".svg\"]{width:48px}.elementor-widget-image img{vertical-align:middle;display:inline-block}<\/style>\n<p>\t\t\t\t\t\t\t\t\t\t<img fetchpriority=\"high\" decoding=\"async\" width=\"605\" height=\"511\" src=\"https:\/\/liderdesucesso.com\/wp-content\/uploads\/2022\/03\/Images.png\" alt=\"\" srcset=\"https:\/\/liderdesucesso.com\/wp-content\/uploads\/2022\/03\/Images.png 605w, https:\/\/liderdesucesso.com\/wp-content\/uploads\/2022\/03\/Images-300x253.png 300w\" sizes=\"(max-width: 605px) 100vw, 605px\" \/>\t\t\t\t\t\t\t\t\t\t\t\t\t<\/p>\n<h2>Nossos maiores atributos<\/h2>\n<p>\t\t\t\t\t\t\t\t\t\t\t\t\t<img decoding=\"async\" width=\"72\" height=\"72\" src=\"https:\/\/liderdesucesso.com\/wp-content\/uploads\/2022\/03\/icon.png\" alt=\"\" \/>\t\t\t\t\t\t\t\t\t\t\t\t\t<\/p>\n<h3>Qualidade<\/h3>\n<p>Nossos profissionais s\u00e3o especialistas que proporcionam um servi\u00e7o de alta qualidade sem\u00a0 comprometer os prazos<\/p>\n<p>\t\t\t\t\t\t\t\t\t\t\t\t\t<img decoding=\"async\" width=\"72\" height=\"72\" src=\"https:\/\/liderdesucesso.com\/wp-content\/uploads\/2022\/03\/icon-2.png\" alt=\"\" \/>\t\t\t\t\t\t\t\t\t\t\t\t\t<\/p>\n<h3>Resultados<\/h3>\n<p>Confiabilidade, credibilidade e efic\u00e1cia comprovada em dezenas de casos de sucesso dos nossos clientes<\/p>\n<p>\t\t\t\t\t\t\t\t\t\t\t\t\t<img loading=\"lazy\" decoding=\"async\" width=\"72\" height=\"72\" src=\"https:\/\/liderdesucesso.com\/wp-content\/uploads\/2022\/03\/icon-1.png\" alt=\"\" \/>\t\t\t\t\t\t\t\t\t\t\t\t\t<\/p>\n<h3>Baixo custo<\/h3>\n<p>Servi\u00e7os acess\u00edveis que se\u00a0 adequam ao seu or\u00e7amento, sem comprometer a qualidade dos\u00a0 servi\u00e7os<\/p>\n<p>                0<br \/>\n                                    +<\/p>\n<h4 >\n                        Clientes                <\/h4>\n<p>                0<br \/>\n                                    +<\/p>\n<h4 >\n                        Projetos conclu\u00eddos                <\/h4>\n<p>                0<\/p>\n<h4 >\n                        Anos de experi\u00eancia                <\/h4>\n<h2>Nossos servi\u00e7os<\/h2>\n<p>Servi\u00e7os simples que agregam valor e revolucionam o seu neg\u00f3cio.<\/p>\n<link rel=\"stylesheet\" href=\"https:\/\/liderdesucesso.com\/wp-content\/plugins\/elementor\/assets\/css\/widget-icon-box.min.css\">\n\t\t\t\t<svg xmlns=\"http:\/\/www.w3.org\/2000\/svg\" width=\"64\" height=\"64\" viewBox=\"0 0 64 64\" fill=\"none\"><rect width=\"64\" height=\"64\" rx=\"32\" fill=\"#EAFDFE\"><\/rect><path d=\"M42.6667 34.6666C42.6667 40.5577 37.8911 45.3333 32 45.3333C26.109 45.3333 21.3334 40.5577 21.3334 34.6666C21.3334 32 22 30 22.6667 28.6666C23.6225 26.7551 24.9204 27.4926 24.6667 28C24 29.3333 24 32 26.6667 34.6666C27.3334 35.3333 28.6667 34.6666 27.1969 32C26.3163 30.4023 26.6667 26.6666 27.3334 24.6666C28.8889 20 33.0305 16.8485 34 17.3333C35.3334 18 33.3956 20.6565 34 22.6666C34.5856 24.6139 37.3334 26.6666 37.3334 26.6666C37.3334 26.6666 42.6667 30 42.6667 34.6666Z\" fill=\"#0583F2\"><\/path><\/svg>\t\t\t\t<\/p>\n<h3>\n\t\t\t\t\t\tCloud Computing<br \/>\n\t\t\t\t<\/h3>\n<p>\n\t\t\t\t\t\tMigra\u00e7\u00e3o, gest\u00e3o, arquitetura de solu\u00e7\u00f5es, redu\u00e7\u00e3o de custos, otimiza\u00e7\u00e3o do desempenho e seguran\u00e7a\t\t\t\t\t<\/p>\n<p>\t\t\t\t<svg xmlns=\"http:\/\/www.w3.org\/2000\/svg\" width=\"64\" height=\"64\" viewBox=\"0 0 64 64\" fill=\"none\"><rect width=\"64\" height=\"64\" rx=\"32\" fill=\"#EAFDFE\"><\/rect><path fill-rule=\"evenodd\" clip-rule=\"evenodd\" d=\"M28.383 27.0411C31.4169 23.4254 37.4921 18.6666 45.3333 18.6666C45.3333 25.3015 41.1127 32.5913 36.766 35.983C36.1938 36.4295 36.0902 37.2417 35.9695 38.1886C35.6973 40.3243 35.3377 43.1454 29.3144 44L29.0039 38.4498H27.762L25.2782 35.983V34.7497H20C20.8651 28.7358 23.8392 28.2575 26.0891 27.8956C27.0692 27.738 27.9119 27.6025 28.383 27.0411ZM41.7143 24.3968C41.7143 25.5627 40.7691 26.5079 39.6032 26.5079C38.4372 26.5079 37.4921 25.5627 37.4921 24.3968C37.4921 23.2308 38.4372 22.2857 39.6032 22.2857C40.7691 22.2857 41.7143 23.2308 41.7143 24.3968Z\" fill=\"#0583F2\"><\/path><path d=\"M18.6667 45.3333C24.6882 45.3333 27.1516 43.1995 28 40.6667C25.5914 40.6667 23.0334 38.1107 23.0334 36C21.6196 36.4222 18.6667 38.8911 18.6667 45.3333Z\" fill=\"#0583F2\"><\/path><\/svg>\t\t\t\t<\/p>\n<h3>\n\t\t\t\t\t\tDevOps<br \/>\n\t\t\t\t<\/h3>\n<p>\n\t\t\t\t\t\tAutoma\u00e7\u00e3o dos processos, gerenciamento de configura\u00e7\u00e3o, integra\u00e7\u00e3o cont\u00ednua e entrega cont\u00ednua (CI\/CD)\t\t\t\t\t<\/p>\n<p>\t\t\t\t<svg xmlns=\"http:\/\/www.w3.org\/2000\/svg\" xmlns:xlink=\"http:\/\/www.w3.org\/1999\/xlink\" id=\"body\" width=\"64\" height=\"64\"><g><image x=\"0\" y=\"0\" xlink:href=\"data:image\/png;base64,iVBORw0KGgoAAAANSUhEUgAAAEAAAABACAYAAACqaXHeAAAAAXNSR0IArs4c6QAAAARzQklUCAgICHwIZIgAAAcySURBVHic7ZtNbFTXFcd\/577nYUxMPI7BGMSHoaKY8hEnFo0QqIt0kaaKUCqqSE2iRiplgciqURupIquyqKpW3cRKqwR2YZGoakSlViyK0irISakjIwEKQnwYUmz8ASa2bDOeuf8uZmxsM8YzfvMGQ\/Jbjd7HOeeeue\/ec88914gBSUE31CVgWTaTWSUL6535nZitN9EKIHgCqMq\/Mm5wE0BGB9IlL3eSgMshfJWGvhVwy8yy5bbVyiVootFVGbZ4Y42ZbwV7JX+7PoLoAdD7kutw4iohHcvMhsphM5TJAdelpQF8G88uh37qYYNBohyyJxCkHVzwWJtznBqHKyvN+qPKjeSAa1J1NazNenZjes7EdmBJVKPmYEjGKWTHA8expWZfRBE2bwf0SjV4\/zbY04KN5f7H50KQNjhv6KQ5d2Sp2an5yCnZAb1SDdCC9y+B7QUWz0dxGRkBHcO5NqCzwWy4lJdLcsBZKdHgOSDpRYwngdpS3o+R24jTZvZRr6Nts1m62BeLdsA1qTrhec3QO\/OzsSKMgI465\/5Q7NhQlAP6peas928Z9nI0+yqD0NHAud8U44Q5HdAvNfus3sXYVR7zKoT4xAW2by4nuPvdnPjnH7rGAxi7st6\/dU2qvt9jszrgrJTw3r\/xsHT7Qhj2csLz2llp1im64CfQK9WYZ5\/QIR78NBcZw34hx7uFpsjZekCLpBd5BBoPkG9LS6F79zigX9qO9wfy8\/yjgfEk3r+UD+KmcY8D5P3PwHazcIKcclALthfv3545KE5zQL\/ULGwnj0jXn8FisKerYe3Ui5MOuC4tzXp2CzZW3raKsVWeH\/RJkyvWcOJHFTT53JI20qpucFT0DIuxTBQp95IMobHGSFVHS2FI2uOxduAzyDugT1riPdsNtkcRPjgm\/nImQ\/vVLINjimToTFJJY8eagD1bQ1LJCE4wdgWeHX3SuWVmQ7kekKHVOR1QhGTG4Giu8b\/9OM3IeHkbP8G\/LuVSgnu2hBF7gn5OxjqBj52kwBtrPGyIYlzPsGi\/mo2t8QAj4zkdPcPRdHjY4I01kgLXDXVmvjVqRmcsQ9m7fSEGx6KPLwYJM9\/aDXVhApb5u9nbirFjbcDq2twk1N6V4drt+J03HXslAX8KM\/C4i5a2LonVtcbvfpjke+uCKVcX8e\/LWX7197GKOiKbyaxyZFlXMY3Aq08l2NboGBwVnd2ezm7P4KjY1uh49amK5lXrZWG9c+Z3VlJrU11uLr9ySxw6cYdDJ+5w5ZZIVRtNdWXbpykKZ35niNl6Kv355WnvKvtOV2mYrXcTe3VfR0y0hnM\/Fp3nN4Y0pXIj\/rfq75uFqzhhfpc2NvY\/k+DH2+6Gr1Fj+XIieCLk7hZ12dmy3HHw+xUd2UulKtZP4DvLc3N9Z7fn0Ik7tHdl+fOPkrywqbDaFzaF\/G9TLmnTed3z5j\/GOHPDx2kiDhiPVUMJjGWgZ0j0DInmBsfxvYupjbLym5txN1GZsRC4fNPz3n\/G+evZDD1Dubl58\/L4Bk2DmwtqSL444HnnszT\/vJiZXFitqo3XRCejI1YNCxgZHSHSpTKWChUklTRaV+YGxPrH7urasTaY9lz9Y8aOtQGtK4NoWZ9ikS6FXu6kM70ep57GJcZPWqp4vjmcjPeb6oyDzy7K\/U7lrm1qcBx8dhGppNG4JH4HeLmToSkzgAUDxLAkPncjF+snQ\/INv9uoVLXRMiMoSiWNlhXTr03IiIWAy2EQhl96H89q6MwNz3OHRybjgVI5dyMbZxwwEMJX4Rj0LkJHhP0yDi1nbvjYg5n5offTWJ9bZTbg5T4VFF1XU4hkSEUGrlTSSEaMXwVpyXWsgFsOwImbDi5EEdpYk8vbL66KzwmLq3I6Gmui6XBwwYmrZpbN+TKkA2\/vgf44X6GpamPP1py4Bb0xAkMea3NhLv6ZlNQjPeOy+n3UcpgFvzVmnHBmby4z+y9M2Rv0cNHM\/gb6bpQ9glR1dCPjQpBGdnzcuDJxbTLQXmnWHziOGZx\/INZVAIPzgePY1CLraSuNUegCfQ6MVNy6+BkxdHJm2dw0B6w2G8W510GHgdsVNS9eboOOmXNHZt64Z63ZYDaMcx8gTlfGtgogTuNcW6GK8tkW251m9hGPxqcwkm9LZ6GbBR3QYDbc62iTbH+splUEHe11tM1WRj9rumWzWTod8KHQ0fiMixflK8fvVz7\/TbH0XHKWmn3hAtv3MPUEoaPFNB5KyIX1S83e+zfIFU8v1DrCEcn2pwM+XG02WswL3xyZKVXTlENTB\/IltQ+6N4yADuPcB8zj0FTJqYW8gk\/6pTvyflDYzgd5bA70Oc79utSGTxB52ZY7VfLgDk6OQlex33shynZ0tgqavGe7Qwe+NkdnZ9InLSFD64zD0xEPToOhI17uUyduLsjD0zOZenw+A4+TZd18js+bMgNBGH45Br2rzAbisPX\/wyb7yGWM8cUAAAAASUVORK5CYII=\"><\/image><\/g><\/svg>\t\t\t\t<\/p>\n<h3>\n\t\t\t\t\t\tObservability<br \/>\n\t\t\t\t<\/h3>\n<p>\n\t\t\t\t\t\tImplanta\u00e7\u00e3o de ferramentas, alertas e dashboards de monitoramento, coleta e an\u00e1lise de dados e investiga\u00e7\u00e3o de incidentes\t\t\t\t\t<\/p>\n<p>\t\t\t\t<svg xmlns=\"http:\/\/www.w3.org\/2000\/svg\" width=\"64\" height=\"64\" viewBox=\"0 0 64 64\" fill=\"none\"><rect width=\"64\" height=\"64\" rx=\"32\" fill=\"#EAFDFE\"><\/rect><path d=\"M32 19.5287C34.2481 22.7351 35.6204 26.6015 35.9349 30.6667H28.0651C28.3796 26.6015 29.7519 22.7351 32 19.5287Z\" fill=\"#0583F2\"><\/path><path d=\"M46.6069 33.3333H38.6087C38.2731 38.1684 36.593 42.7876 33.7804 46.5597C40.6057 45.7338 45.9863 40.2198 46.6069 33.3333Z\" fill=\"#0583F2\"><\/path><path d=\"M46.6069 30.6667H38.6087C38.2731 25.8316 36.593 21.2124 33.7804 17.4403C40.6057 18.2662 45.9863 23.7802 46.6069 30.6667Z\" fill=\"#0583F2\"><\/path><path d=\"M30.2196 17.4403C27.407 21.2124 25.7269 25.8316 25.3913 30.6667H17.3931C18.0137 23.7802 23.3943 18.2662 30.2196 17.4403Z\" fill=\"#0583F2\"><\/path><path d=\"M17.3931 33.3333C18.0137 40.2198 23.3943 45.7338 30.2196 46.5597C27.4071 42.7876 25.7269 38.1684 25.3913 33.3333H17.3931Z\" fill=\"#0583F2\"><\/path><path d=\"M32 44.4713C29.7519 41.2648 28.3796 37.3984 28.0651 33.3333H35.9349C35.6204 37.3984 34.2481 41.2648 32 44.4713Z\" fill=\"#0583F2\"><\/path><\/svg>\t\t\t\t<\/p>\n<h3>\n\t\t\t\t\t\tCybersecurity<br \/>\n\t\t\t\t<\/h3>\n<p>\n\t\t\t\t\t\tIdentifica\u00e7\u00e3o de vulnerabilidades, implementa\u00e7\u00e3o de pol\u00edticas de seguran\u00e7a, resposta a incidentes e an\u00e1lise forense digital\t\t\t\t\t<\/p>\n<p>\t\t\t\t<svg xmlns=\"http:\/\/www.w3.org\/2000\/svg\" xmlns:xlink=\"http:\/\/www.w3.org\/1999\/xlink\" id=\"body\" width=\"64\" height=\"64\"><g><image x=\"0\" y=\"0\" xlink:href=\"data:image\/png;base64,iVBORw0KGgoAAAANSUhEUgAAAEAAAABACAYAAACqaXHeAAAAAXNSR0IArs4c6QAAAARzQklUCAgICHwIZIgAAAbySURBVHic7ZtfbFTHFYe\/M7tLjFNsdb0LwamTuC4Bk0QFhEohJVKqPkSoj6hUQlVU1QpSkfpHqM+oL5UqRIMq5YGUlzygyhJPkdKmDyltCRDaAK1CMAm1UEowLF6bGiPbePfOrw+7dhfs9Z\/dnWug\/R7vzJxz5tyZuTNzzzECMSBllkE2grR5XjJ8B2adiA0AgjYgVa5eMBgCwPg70hXhrprnNEmuAwNZs9EQdlojhQ1JLb7IJm+kMb\/NYa8CCDK1yjTICzso8SkJcpNwrsNsvFE2N8QBQ1JLAdYnPFtBPYIu4LFGyK7gLuIjsDdcgo8NPmkzu12v0LodkJe65XlF0k6MbfXKWwCjZnxosmM4jmfM+uoRVrMDclKX836fsO3A8\/UYUSN3gcuGTnjnDq4y669FSE0OyEtbvPd7wHYBzbXIaCBjoF7n3OGM2ZnFNl60AwaL6pHTbsRGoHWx7QMxgnHevB3NJu3IYhou2AGDUrv3\/jXDfsbSv\/WqCB1wzh3Kmg0spP6CHJCXur33+8tD\/iFAvc65ny9kgZzXAXmp20c6EtMK3zjEKZewnvmc4OYqLA\/7\/Q9d5wGMbd77\/YNS+1zV5nSA9\/4nD8+wnw3b5b1\/bc4a1QoGi+qR6TeNNyp2xkz242pfh1lHQF7aIqfdYe2KjWY57c5LW2YrnOGAnNTlvd9T\/s4\/GoiN3vs9Oanr\/qLk\/Q\/K29sHYYfXSFrBdjnvJ4AfVhbcMwLyUnd5b\/8odX6KZmHb81J35cNpBwxJLXheBtbEblp8PC\/PK0NSy9SD6SkgWCvTTtTwc\/wMbo2LiSJcznsA1mQcTUn44vKG3s\/MiqSdBew08AGUHXBVWu4jnsPYHFL5RBHOfh5xdiDi3+Pid5ciAHasS5B93PH1pxJ0ryw5IxjGtoRn65B0sc3stgHkpBct0qGQDui76Tny1wJ\/uFzk1rhmlKcSsPJxx\/ZnEvR8LUX3yjn3aHVhcBFve7Mp+1PJ1xGrMF4IpbDvpuf19yc53h8xVpjZeYBCBNdue97uE6OT4qffWBbMCYIuGWkANyitMONZGn+HN818na9krCCO90e8\/v5kKHMAHsP8tgEp44B2Q\/tCaXrnUpF3LhUX1PkpxgqabhcKh726DLKOIqvrubaej1+fLCxJ24UQQdrJsTWUguuj4kIuqrn9hVzE9dGFj5zFIMiY5yVn+I4gGoBz12rvfCNlVMPwHQ6zzmAaHnTMOt3Uv7oQbHoyEUp0YxAbwu02gNUr6tvadrS64E505b+0wdizJTV\/pSp896vJup04F4I2uxn5MMtsBU\/+4s6i23S0Oj7YG\/5UHnQKTFHLKNixLp71w25GfpL\/BioE4da4eO+fEb\/9R4Gz1yIKVb5sqQR8Oe34\/uYU316XjON4XLDByF8XPBFaE5QORb\/88yQXc547k2JkojT7WpuMLywz1q9yfOeFJFufTsRyN2BwI1YHAFwZ9vyxP+LGqPjXSOlC5KlWxxMrjG92JehMxzIrgSkHeP97iVdCK7s1Lq4MezrTrurbXUidRmLGu0mkKw0OFZqViSKc\/Czi6Pki6WZjY3vprQPcGBXnBzzDY+KZtLG6JaZRIF1JCncVgn8JgdIbfruvSCoB7\/WX5j3AnUlxY1QUIvjeppD3Yfci3NWkeU4rvmlXuhcoML0ALiXmOe0sSc4gv9TGxI1BniTX3SQMevTWUhjR2mS0NoVff2ZD2EFgwLWb5ZE7RSnqKhaaU8barGP3hhS7N6RYm3U0p2J1xF2JT7Nmo0kAJ4Yx+gXrQ2lsSkJn2vGtryT5Uqvx4tMJdqwrLXgb2x0nP4v4fER0pgP\/FwAQH5EgB+Xv35DU4j0\/EPpVSL0T5TvOah2cr7xBjCL70d0EvR1m4w6gzex25DiNOBVSc1Ny7s7NV94IzPjQJfh4Kt54+gOYgotmdiys+iXnrsmOGXwy9WDaAW1mt83xLnBhSUyLh8s4jlcGWd+zBcqY9Rk6AYzFblp4xgyduD9sbsYe0Dt3ENQLjMRmWnhGQL2lvt3LDAesMut3zh3GOB+PbTFgnHfOHZ4tonzWU0DG7Ix5OxreslgYM29Hq0WSVz0GZZN2ROhAOLviQejAXBHkc54DnXOHyuvBQ4p6nXNvzlXj\/8HS88nJmPW5hPU8XCNBvQvpPDx6CRNj5YSJNxuaMFHJ\/2zKTCWPUtJUTWevjNmZnJR33k+UQ2vXEDDIqgr3pM1l4kybqyQvdeN5WaadEpuBFfXKnIcHI3GykiGpRbDWRzwH2luOOWx46qxBv2Fv4PjbA5M6W8lVafky2ETEKjOeNbSv3sRpAI\/eQu6UE8MuyblGdLxCRxgGpRVAO0VWy7G1lvR5Of6SgOFJGGw3C3J1\/x\/Xdffua3B8twAAAABJRU5ErkJggg==\"><\/image><\/g><\/svg>\t\t\t\t<\/p>\n<h3>\n\t\t\t\t\t\tTeste e Qualidade<br \/>\n\t\t\t\t<\/h3>\n<p>\n\t\t\t\t\t\tPlanejamento e desenvolvimento de casos de teste manuais e automatizados, Garantia de qualidade e automa\u00e7\u00e3o\t\t\t\t\t<\/p>\n<p>\t\t\t\t<svg xmlns=\"http:\/\/www.w3.org\/2000\/svg\" xmlns:xlink=\"http:\/\/www.w3.org\/1999\/xlink\" id=\"body\" width=\"64\" height=\"64\"><g><image x=\"0\" y=\"0\" xlink:href=\"data:image\/png;base64,iVBORw0KGgoAAAANSUhEUgAAAEAAAABACAYAAACqaXHeAAAAAXNSR0IArs4c6QAAAARzQklUCAgICHwIZIgAAAaISURBVHic7ZtdaFzXEYC\/mV39WLJkRdYq8c+DrSrETtvEThScprTGj6nxg6HQFILBURFNWvpU+iAwlAb8VAoNtCEirsGkLYFSPwSRQlJMCXUiImpHteOfKKkL\/ol2ZUXRj61d7Z7pw+7Kq5+V1nvPvZKdfiDQ3nN3zswwd87Zc2eEkBg3eyALD2Zhgzj3JI5tEpNOjD2FWxJATeH\/WSAFgDBgORtGuSKqQwqjGRidhsmHRdK+9RSfwpJm64HdlqNNxHWB\/Kgw1B5ELNiboJdQhoAz7SJTwbXN48UBSbP1Cjud42mwbmAHUOdDdglp4KIgvzflQ4HPEyI3ggoN7ICkWSeOZxE7iLEvqLwK+BLhfTMbENU32kWGgwir2gEps83mXC\/IM8DuIEpUSRr4GOy0qB5NiFyvRkhVDkhmbJfEXI8hh4DGamR4ZFqwE5bTvvZaOXu3X74rB6TMmnB0I7bfjC6g5W4nDIlxEQYx6Uc5lhCZrPSLFTvgqtnGWseLYC9Xp2MkTAtyJK2c2Cpys5IvVOSAfKJzvSCHg+kXFXYc1aOVJMgVHZA068SsL6IM7w\/hFCI9KzlBlxu8arYR53rvOeMBjH0413vVbONyt5V1QMqsqc5x6N4J+6WQw7WOF1NmTeXuKB8Bjm5b2wmvQuxlHN3lRpd0QDJjuxDbz+qv8X4Q25\/M2K6lhhY5IGW2WWKup7DO3xeY0SUx15My27xwLL7o5vxytxZ2eD5pMeQQzjngp6UD8yIgadZZ2NvfT8YXaQR5Jm\/jHeYckDLbZM49DzwauWrRsRvHs4VzC6DEAQYPicge\/P+OX1uIHVTYWfyokD\/QEMdTGN+KWp\/UtDExY9FNaOxzjqeLUVBMgrsNewnYEJUe7wxn+cu\/s6SmjLo4PLklxnOP17B1g9dTujJYN8hZ4L34J2Z1OB4jf4wVCe8MZ+kbmOX0f3Nz186NOCbSxs+\/U0tzfehO2GE52gC0EZrAPUJEz37R+H9dy827PnbLOHk+y98u56J4JOpEXNe42QMyarbDOfsHwU5uK2LwWo4f\/3WGG5PLG\/izb9fyQlcNicZQIyGpKnvVQRsRGf\/LdzMrGg\/wyj8z\/GFwNmyVyMIGGcnlXhLkd6HPtgYx7CdxHNuWPxWojokZI51b+b5KqIsRTmJ0bIsXXld5Y2LGODfi+OhGPqv7oLlOeHyT8o0H1asjJCadksy5a8CiX0nVMDFj\/Pq9DCfPZxm75TeTtzYIB78e971MXvca\/OdGXCjGw51l8tyI8ypXyb+lDczEjPHRDReK8UXGbuXn8LhPSCh3XlEH4vJNR\/+lrA9Ry9J\/Kcvlm96ioCaE\/O+P7+2I88fn1nGtdz2vHawPZY44+eIEL1Hgk+9\/M85vD4RjdAmzSrEyYw3Rsk44sHPRaV0YpNbkI7C9VWlZF8XPYlCEgUhmugv+M+YYvx3BIYkwoJazQBUWYTB+23jrQvgriuVsWFGuhD5TFbw7nOO1gVnOe974zEO5EhfVIVyEZ3IVMn7b+NXfvVfFzUNUh1RhFEiGOtPaJKkwqnEYAXs9qLSGGiHREH7m\/lqr0OplhbA3MzCqLSJfmOkg+aqrqtnaLHy3I0Z9iMt3fRwO7IzT0Rp49U6DXpqGSQWQGKPAxSASm+uFvdtjPLElHCfUx+GJLTEfxgNcRBl6WCQtUChxdRwGeyWo5M\/GHJ+NOd66kOXTMT\/JNdGQj66927044EtBfmHKn9pFpuIA7SJTo2YfOONU0HKYjlad+xvztJlpqBG2NoufgxDhfRM+LNYbzwWrgwuYnATzUg\/U0ap0+BDkl7SZDajI58ULc\/HULjKF8jZwZlVUi4aPRfWN0iLreQ9UvqTMTgPTkasWPtNgpxeWzS3K16J6FOfUkB+ydkphgzIu2J9RPbpwYFFKTYhct5z2iTAYjW7hI8Kg5bRvqYryJdeU9lo5i0k\/98ujYNJfrpK8\/JZFOSZOxLDfhKZYJMgRlGPlRsvuKhIik2nlBNjxcBSLAjueUV5drnz+\/8XSK8lpFxlGpOfeigQ7XonxcP81TAByJKO86rVhoshXumWmlK9s01QpC9rmHmV1CizPrErbXClJs05z7nkR2VMotAy\/1lA4hclJlLdXrXGylJTZJoOHxPFUoeAytNZZkGOqfODggo8e4lCap\/OFl+4RkB8QvAItCfa6mQ4Wju7WXvP0Qj4xq2uEplpoc9Bmzj0WpH0+DiMtIl+Eoev\/AK4su0J054DwAAAAAElFTkSuQmCC\"><\/image><\/g><\/svg>\t\t\t\t<\/p>\n<h3>\n\t\t\t\t\t\tGest\u00e3o<br \/>\n\t\t\t\t<\/h3>\n<p>\n\t\t\t\t\t\tFomento a colabora\u00e7\u00e3o, feedback constante e entrega cont\u00ednua de valor, para uma gest\u00e3o mais \u00e1gio e eficiente do seu neg\u00f3cio\t\t\t\t\t<\/p>\n<h2>Vamos trabalhar juntos no seu pr\u00f3ximo projeto ?<\/h2>\n<p>Garanta a tranquilidade e inova\u00e7\u00e3o tecnol\u00f3gica que os servi\u00e7os da L\u00edder de Sucesso podem te oferecer<\/p>\n<p>\t\t\t<a href=\"\/index.php\/contact-us\/\"><br \/>\n\t\t\t\t<svg aria-hidden=\"true\" viewBox=\"0 0 256 512\" xmlns=\"http:\/\/www.w3.org\/2000\/svg\"><path d=\"M224.3 273l-136 136c-9.4 9.4-24.6 9.4-33.9 0l-22.6-22.6c-9.4-9.4-9.4-24.6 0-33.9l96.4-96.4-96.4-96.4c-9.4-9.4-9.4-24.6 0-33.9L54.3 103c9.4-9.4 24.6-9.4 33.9 0l136 136c9.5 9.4 9.5 24.6.1 34z\"><\/path><\/svg><br \/>\n\t\t\t\t\t\tVamos come\u00e7ar<br \/>\n\t\t\t\t\t<\/a><\/p>\n","protected":false},"excerpt":{"rendered":"<p>Sobre n\u00f3s L\u00edde de sucesso Apaixonados por Tecnologia, apaixonados por Pessoas Somos uma empresa apaixonada por desafios e buscamos incansavelmente inspirar nossos profissionais a transformar o neg\u00f3cio dos nossos clientes [&hellip;]<\/p>\n","protected":false},"author":1,"featured_media":0,"parent":0,"menu_order":0,"comment_status":"closed","ping_status":"closed","template":"elementor_header_footer","meta":{"breadcrumbs_single_post":"","page_title_panel":"","breadcrumbs_single_page":"","single_page_alignment":"","single_page_margin":"","page_structure_type":"","content_style_source":"","content_style":"","blog_post_streched_ed":"","blog_page_streched_ed":"","has_transparent_header":"","disable_transparent_header":"","vertical_spacing_source":"","content_area_spacing":"","single_post_content_background":"","single_page_content_background":"","single_post_boxed_content_spacing":"","single_page_boxed_content_spacing":"","single_post_content_boxed_radius":"","single_page_content_boxed_radius":"","disable_featured_image":"","disable_post_tags":"","disable_author_box":"","disable_posts_navigation":"","disable_comments":"","disable_related_posts":"","disable_header":"","disable_footer":"","footnotes":""},"class_list":["post-119","page","type-page","status-publish","hentry","rishi-post","no-post-thumbnail"],"_links":{"self":[{"href":"https:\/\/liderdesucesso.com\/index.php\/wp-json\/wp\/v2\/pages\/119","targetHints":{"allow":["GET"]}}],"collection":[{"href":"https:\/\/liderdesucesso.com\/index.php\/wp-json\/wp\/v2\/pages"}],"about":[{"href":"https:\/\/liderdesucesso.com\/index.php\/wp-json\/wp\/v2\/types\/page"}],"author":[{"embeddable":true,"href":"https:\/\/liderdesucesso.com\/index.php\/wp-json\/wp\/v2\/users\/1"}],"replies":[{"embeddable":true,"href":"https:\/\/liderdesucesso.com\/index.php\/wp-json\/wp\/v2\/comments?post=119"}],"version-history":[{"count":84,"href":"https:\/\/liderdesucesso.com\/index.php\/wp-json\/wp\/v2\/pages\/119\/revisions"}],"predecessor-version":[{"id":1497,"href":"https:\/\/liderdesucesso.com\/index.php\/wp-json\/wp\/v2\/pages\/119\/revisions\/1497"}],"wp:attachment":[{"href":"https:\/\/liderdesucesso.com\/index.php\/wp-json\/wp\/v2\/media?parent=119"}],"curies":[{"name":"wp","href":"https:\/\/api.w.org\/{rel}","templated":true}]}}