{"id":122,"date":"2022-03-14T05:15:28","date_gmt":"2022-03-14T05:15:28","guid":{"rendered":"https:\/\/liderdesucesso.com\/index.php\/services\/"},"modified":"2025-11-03T11:40:05","modified_gmt":"2025-11-03T14:40:05","slug":"services","status":"publish","type":"page","link":"https:\/\/liderdesucesso.com\/index.php\/services\/","title":{"rendered":"Services"},"content":{"rendered":"\t\t<div data-elementor-type=\"wp-page\" data-elementor-id=\"122\" class=\"elementor elementor-122\">\n\t\t\t\t<div class=\"elementor-element elementor-element-e4f152a e-flex e-con-boxed e-con e-parent\" data-id=\"e4f152a\" data-element_type=\"container\" data-settings=\"{&quot;background_background&quot;:&quot;classic&quot;}\" data-core-v316-plus=\"true\">\n\t\t\t\t\t<div class=\"e-con-inner\">\n\t\t\t\t<div class=\"elementor-element elementor-element-f22b616 elementor-widget elementor-widget-heading\" data-id=\"f22b616\" data-element_type=\"widget\" data-widget_type=\"heading.default\">\n\t\t\t\t<div class=\"elementor-widget-container\">\n\t\t\t<style>\/*! elementor - v3.20.0 - 13-03-2024 *\/\n.elementor-heading-title{padding:0;margin:0;line-height:1}.elementor-widget-heading .elementor-heading-title[class*=elementor-size-]>a{color:inherit;font-size:inherit;line-height:inherit}.elementor-widget-heading .elementor-heading-title.elementor-size-small{font-size:15px}.elementor-widget-heading .elementor-heading-title.elementor-size-medium{font-size:19px}.elementor-widget-heading .elementor-heading-title.elementor-size-large{font-size:29px}.elementor-widget-heading .elementor-heading-title.elementor-size-xl{font-size:39px}.elementor-widget-heading .elementor-heading-title.elementor-size-xxl{font-size:59px}<\/style><h1 class=\"elementor-heading-title elementor-size-default\">Nossos servi\u00e7os<\/h1>\t\t<\/div>\n\t\t\t\t<\/div>\n\t\t\t\t<div class=\"elementor-element elementor-element-957533f elementor-widget elementor-widget-text-editor\" data-id=\"957533f\" data-element_type=\"widget\" data-widget_type=\"text-editor.default\">\n\t\t\t\t<div class=\"elementor-widget-container\">\n\t\t\t<style>\/*! elementor - v3.20.0 - 13-03-2024 *\/\n.elementor-widget-text-editor.elementor-drop-cap-view-stacked .elementor-drop-cap{background-color:#69727d;color:#fff}.elementor-widget-text-editor.elementor-drop-cap-view-framed .elementor-drop-cap{color:#69727d;border:3px solid;background-color:transparent}.elementor-widget-text-editor:not(.elementor-drop-cap-view-default) .elementor-drop-cap{margin-top:8px}.elementor-widget-text-editor:not(.elementor-drop-cap-view-default) .elementor-drop-cap-letter{width:1em;height:1em}.elementor-widget-text-editor .elementor-drop-cap{float:left;text-align:center;line-height:1;font-size:50px}.elementor-widget-text-editor .elementor-drop-cap-letter{display:inline-block}<\/style>\t\t\t\t<p><span style=\"text-align: center;\">Servi\u00e7os simples que agregam valor e revolucionam o seu neg\u00f3cio.<\/span><\/p>\t\t\t\t\t\t<\/div>\n\t\t\t\t<\/div>\n\t\t\t\t\t<\/div>\n\t\t\t\t<\/div>\n\t\t<div class=\"elementor-element elementor-element-a5eda6b e-grid e-con-boxed e-con e-parent\" data-id=\"a5eda6b\" data-element_type=\"container\" data-core-v316-plus=\"true\">\n\t\t\t\t\t<div class=\"e-con-inner\">\n\t\t<div class=\"elementor-element elementor-element-03f2ff5 e-con-full e-flex e-con e-child\" data-id=\"03f2ff5\" data-element_type=\"container\" data-settings=\"{&quot;background_background&quot;:&quot;classic&quot;}\">\n\t\t\t\t<div class=\"elementor-element elementor-element-4267dbc elementor-widget elementor-widget-image\" data-id=\"4267dbc\" data-element_type=\"widget\" data-widget_type=\"image.default\">\n\t\t\t\t<div class=\"elementor-widget-container\">\n\t\t\t<style>\/*! elementor - v3.20.0 - 13-03-2024 *\/\n.elementor-widget-image{text-align:center}.elementor-widget-image a{display:inline-block}.elementor-widget-image a img[src$=\".svg\"]{width:48px}.elementor-widget-image img{vertical-align:middle;display:inline-block}<\/style>\t\t\t\t\t\t\t\t\t\t<img decoding=\"async\" width=\"64\" height=\"64\" src=\"https:\/\/liderdesucesso.com\/wp-content\/uploads\/2022\/03\/Frame-27.svg\" class=\"attachment-full size-full wp-image-133\" alt=\"\" \/>\t\t\t\t\t\t\t\t\t\t\t\t\t<\/div>\n\t\t\t\t<\/div>\n\t\t\t\t<div class=\"elementor-element elementor-element-1222e0a elementor-widget elementor-widget-heading\" data-id=\"1222e0a\" data-element_type=\"widget\" data-widget_type=\"heading.default\">\n\t\t\t\t<div class=\"elementor-widget-container\">\n\t\t\t<h3 class=\"elementor-heading-title elementor-size-default\">Cloud Computing<\/h3>\t\t<\/div>\n\t\t\t\t<\/div>\n\t\t\t\t<div class=\"elementor-element elementor-element-2c35a8f elementor-widget elementor-widget-text-editor\" data-id=\"2c35a8f\" data-element_type=\"widget\" data-widget_type=\"text-editor.default\">\n\t\t\t\t<div class=\"elementor-widget-container\">\n\t\t\t\t\t\t\t<p>Migra\u00e7\u00e3o, gest\u00e3o, arquitetura de solu\u00e7\u00f5es, redu\u00e7\u00e3o de custos, otimiza\u00e7\u00e3o do desempenho e seguran\u00e7a<\/p>\t\t\t\t\t\t<\/div>\n\t\t\t\t<\/div>\n\t\t\t\t<\/div>\n\t\t<div class=\"elementor-element elementor-element-5087aad e-con-full e-flex e-con e-child\" data-id=\"5087aad\" data-element_type=\"container\" data-settings=\"{&quot;background_background&quot;:&quot;classic&quot;}\">\n\t\t\t\t<div class=\"elementor-element elementor-element-4127b9c elementor-widget elementor-widget-image\" data-id=\"4127b9c\" data-element_type=\"widget\" data-widget_type=\"image.default\">\n\t\t\t\t<div class=\"elementor-widget-container\">\n\t\t\t\t\t\t\t\t\t\t\t\t\t<img decoding=\"async\" width=\"72\" height=\"72\" src=\"https:\/\/liderdesucesso.com\/wp-content\/uploads\/2022\/03\/icon.png\" class=\"attachment-full size-full wp-image-41\" alt=\"\" \/>\t\t\t\t\t\t\t\t\t\t\t\t\t<\/div>\n\t\t\t\t<\/div>\n\t\t\t\t<div class=\"elementor-element elementor-element-4aebfff elementor-widget elementor-widget-heading\" data-id=\"4aebfff\" data-element_type=\"widget\" data-widget_type=\"heading.default\">\n\t\t\t\t<div class=\"elementor-widget-container\">\n\t\t\t<h3 class=\"elementor-heading-title elementor-size-default\"><h3 style=\"font-size: var(--fontSize); font-family: var(--fontFamily); font-style: normal; font-weight: var(--fontWeight,normal); line-height: var(--lineHeight); letter-spacing: normal; text-transform: none; text-decoration-thickness: initial; text-decoration-style: initial; text-decoration-color: initial; margin-bottom: 8px; --fontFamily: DM Sans, Sans-Serif; --fontWeight: 700; --fontSize: 30px; --fontStyle: normal; --lineHeight: 1.5em; --letterSpacing: 0px; --textTransform: default; --textDecoration: ; white-space-collapse: collapse;\">Teste e Qualidade\u200b<\/h3><\/h3>\t\t<\/div>\n\t\t\t\t<\/div>\n\t\t\t\t<div class=\"elementor-element elementor-element-a683321 elementor-widget elementor-widget-text-editor\" data-id=\"a683321\" data-element_type=\"widget\" data-widget_type=\"text-editor.default\">\n\t\t\t\t<div class=\"elementor-widget-container\">\n\t\t\t\t\t\t\t<p>Planejamento e desenvolvimento de casos de teste manuais e automatizados, Garantia de qualidade e automa\u00e7\u00e3o<\/p>\t\t\t\t\t\t<\/div>\n\t\t\t\t<\/div>\n\t\t\t\t<\/div>\n\t\t<div class=\"elementor-element elementor-element-f8b9397 e-con-full e-flex e-con e-child\" data-id=\"f8b9397\" data-element_type=\"container\" data-settings=\"{&quot;background_background&quot;:&quot;classic&quot;}\">\n\t\t\t\t<div class=\"elementor-element elementor-element-68fdd45 elementor-widget elementor-widget-image\" data-id=\"68fdd45\" data-element_type=\"widget\" data-widget_type=\"image.default\">\n\t\t\t\t<div class=\"elementor-widget-container\">\n\t\t\t\t\t\t\t\t\t\t\t\t\t<img decoding=\"async\" width=\"64\" height=\"64\" src=\"https:\/\/liderdesucesso.com\/wp-content\/uploads\/2022\/03\/Frame-30.svg\" class=\"attachment-full size-full wp-image-136\" alt=\"\" \/>\t\t\t\t\t\t\t\t\t\t\t\t\t<\/div>\n\t\t\t\t<\/div>\n\t\t\t\t<div class=\"elementor-element elementor-element-ab083c7 elementor-widget elementor-widget-heading\" data-id=\"ab083c7\" data-element_type=\"widget\" data-widget_type=\"heading.default\">\n\t\t\t\t<div class=\"elementor-widget-container\">\n\t\t\t<h3 class=\"elementor-heading-title elementor-size-default\"><h3 style=\"font-size: var(--fontSize); font-family: var(--fontFamily); font-style: normal; font-weight: var(--fontWeight,normal); line-height: var(--lineHeight); letter-spacing: normal; text-transform: none; text-decoration-thickness: initial; text-decoration-style: initial; text-decoration-color: initial; margin-bottom: 8px; --fontFamily: DM Sans, Sans-Serif; --fontWeight: 700; --fontSize: 30px; --fontStyle: normal; --lineHeight: 1.5em; --letterSpacing: 0px; --textTransform: default; --textDecoration: ; white-space-collapse: collapse;\">DevOps<\/h3><\/h3>\t\t<\/div>\n\t\t\t\t<\/div>\n\t\t\t\t<div class=\"elementor-element elementor-element-8424a68 elementor-widget elementor-widget-text-editor\" data-id=\"8424a68\" data-element_type=\"widget\" data-widget_type=\"text-editor.default\">\n\t\t\t\t<div class=\"elementor-widget-container\">\n\t\t\t\t\t\t\t<p>Automa\u00e7\u00e3o dos processos, gerenciamento de configura\u00e7\u00e3o, integra\u00e7\u00e3o cont\u00ednua e entrega cont\u00ednua (CI\/CD)<\/p>\t\t\t\t\t\t<\/div>\n\t\t\t\t<\/div>\n\t\t\t\t<\/div>\n\t\t<div class=\"elementor-element elementor-element-e461741 e-con-full e-flex e-con e-child\" data-id=\"e461741\" data-element_type=\"container\" data-settings=\"{&quot;background_background&quot;:&quot;classic&quot;}\">\n\t\t\t\t<div class=\"elementor-element elementor-element-974f5ba elementor-widget elementor-widget-image\" data-id=\"974f5ba\" data-element_type=\"widget\" data-widget_type=\"image.default\">\n\t\t\t\t<div class=\"elementor-widget-container\">\n\t\t\t\t\t\t\t\t\t\t\t\t\t<img loading=\"lazy\" decoding=\"async\" width=\"72\" height=\"72\" src=\"https:\/\/liderdesucesso.com\/wp-content\/uploads\/2022\/03\/icon-2.png\" class=\"attachment-full size-full wp-image-46\" alt=\"\" \/>\t\t\t\t\t\t\t\t\t\t\t\t\t<\/div>\n\t\t\t\t<\/div>\n\t\t\t\t<div class=\"elementor-element elementor-element-7911cc1 elementor-widget elementor-widget-heading\" data-id=\"7911cc1\" data-element_type=\"widget\" data-widget_type=\"heading.default\">\n\t\t\t\t<div class=\"elementor-widget-container\">\n\t\t\t<h3 class=\"elementor-heading-title elementor-size-default\">Observability<\/h3>\t\t<\/div>\n\t\t\t\t<\/div>\n\t\t\t\t<div class=\"elementor-element elementor-element-d24e1c7 elementor-widget elementor-widget-text-editor\" data-id=\"d24e1c7\" data-element_type=\"widget\" data-widget_type=\"text-editor.default\">\n\t\t\t\t<div class=\"elementor-widget-container\">\n\t\t\t\t\t\t\t<p>Implanta\u00e7\u00e3o de ferramentas, alertas e dashboards de monitoramento, coleta e an\u00e1lise de dados e investiga\u00e7\u00e3o de incidentes<\/p>\t\t\t\t\t\t<\/div>\n\t\t\t\t<\/div>\n\t\t\t\t<\/div>\n\t\t<div class=\"elementor-element elementor-element-30ba4fc e-con-full e-flex e-con e-child\" data-id=\"30ba4fc\" data-element_type=\"container\" data-settings=\"{&quot;background_background&quot;:&quot;classic&quot;}\">\n\t\t\t\t<div class=\"elementor-element elementor-element-64b8a6a elementor-widget elementor-widget-image\" data-id=\"64b8a6a\" data-element_type=\"widget\" data-widget_type=\"image.default\">\n\t\t\t\t<div class=\"elementor-widget-container\">\n\t\t\t\t\t\t\t\t\t\t\t\t\t<img loading=\"lazy\" decoding=\"async\" width=\"64\" height=\"64\" src=\"https:\/\/liderdesucesso.com\/wp-content\/uploads\/2022\/03\/Frame-28.svg\" class=\"attachment-full size-full wp-image-134\" alt=\"\" \/>\t\t\t\t\t\t\t\t\t\t\t\t\t<\/div>\n\t\t\t\t<\/div>\n\t\t\t\t<div class=\"elementor-element elementor-element-e04d816 elementor-widget elementor-widget-heading\" data-id=\"e04d816\" data-element_type=\"widget\" data-widget_type=\"heading.default\">\n\t\t\t\t<div class=\"elementor-widget-container\">\n\t\t\t<h3 class=\"elementor-heading-title elementor-size-default\">Cybersecurity<\/h3>\t\t<\/div>\n\t\t\t\t<\/div>\n\t\t\t\t<div class=\"elementor-element elementor-element-2f8cdb5 elementor-widget elementor-widget-text-editor\" data-id=\"2f8cdb5\" data-element_type=\"widget\" data-widget_type=\"text-editor.default\">\n\t\t\t\t<div class=\"elementor-widget-container\">\n\t\t\t\t\t\t\t<p>Identifica\u00e7\u00e3o de vulnerabilidades, implementa\u00e7\u00e3o de pol\u00edticas de seguran\u00e7a, resposta a incidentes e an\u00e1lise forense digital<\/p>\t\t\t\t\t\t<\/div>\n\t\t\t\t<\/div>\n\t\t\t\t<\/div>\n\t\t<div class=\"elementor-element elementor-element-0a58999 e-con-full e-flex e-con e-child\" data-id=\"0a58999\" data-element_type=\"container\" data-settings=\"{&quot;background_background&quot;:&quot;classic&quot;}\">\n\t\t\t\t<div class=\"elementor-element elementor-element-9511465 elementor-widget elementor-widget-image\" data-id=\"9511465\" data-element_type=\"widget\" data-widget_type=\"image.default\">\n\t\t\t\t<div class=\"elementor-widget-container\">\n\t\t\t\t\t\t\t\t\t\t\t\t\t<img loading=\"lazy\" decoding=\"async\" width=\"72\" height=\"72\" src=\"https:\/\/liderdesucesso.com\/wp-content\/uploads\/2022\/03\/icon-1.png\" class=\"attachment-full size-full wp-image-45\" alt=\"\" \/>\t\t\t\t\t\t\t\t\t\t\t\t\t<\/div>\n\t\t\t\t<\/div>\n\t\t\t\t<div class=\"elementor-element elementor-element-e8dd84e elementor-widget elementor-widget-heading\" data-id=\"e8dd84e\" data-element_type=\"widget\" data-widget_type=\"heading.default\">\n\t\t\t\t<div class=\"elementor-widget-container\">\n\t\t\t<h3 class=\"elementor-heading-title elementor-size-default\">Gest\u00e3o<\/h3>\t\t<\/div>\n\t\t\t\t<\/div>\n\t\t\t\t<div class=\"elementor-element elementor-element-a7d149b elementor-widget elementor-widget-text-editor\" data-id=\"a7d149b\" data-element_type=\"widget\" data-widget_type=\"text-editor.default\">\n\t\t\t\t<div class=\"elementor-widget-container\">\n\t\t\t\t\t\t\t<div id=\"comp-ljomfbpb2__item1\" class=\"KcpHeO tz5f0K comp-ljomfbpb2 wixui-rich-text\" data-testid=\"richTextElement\"><p class=\"font_5 wixui-rich-text__text\">Fomento a colabora\u00e7\u00e3o, feedback constante e entrega cont\u00ednua de valor, para uma gest\u00e3o \u00e1gio e eficiente do seu neg\u00f3cio<\/p><\/div>\t\t\t\t\t\t<\/div>\n\t\t\t\t<\/div>\n\t\t\t\t<\/div>\n\t\t\t\t\t<\/div>\n\t\t\t\t<\/div>\n\t\t<div class=\"elementor-element elementor-element-e37d984 e-flex e-con-boxed e-con e-parent\" data-id=\"e37d984\" data-element_type=\"container\" data-settings=\"{&quot;background_background&quot;:&quot;classic&quot;,&quot;animation&quot;:&quot;none&quot;}\" data-core-v316-plus=\"true\">\n\t\t\t\t\t<div class=\"e-con-inner\">\n\t\t<div class=\"elementor-element elementor-element-a62f9bd e-con-full e-flex e-con e-child\" data-id=\"a62f9bd\" data-element_type=\"container\" data-settings=\"{&quot;background_background&quot;:&quot;classic&quot;}\">\n\t\t\t\t<div class=\"elementor-element elementor-element-8c43e99 elementor-widget elementor-widget-meafe-counter\" data-id=\"8c43e99\" data-element_type=\"widget\" data-widget_type=\"meafe-counter.default\">\n\t\t\t\t<div class=\"elementor-widget-container\">\n\t\t\t\n        <div class=\"meafe-counter meafe-counter-area\" data-duration=\"3000\" data-from-value=\"0\" data-to-value=\"15\" data-delimiter=\"\" data-rounding=\"0\">\n                    <div class=\"meafe-counter-icon top\">\n                        <span class=\"icon\" data-animation=\"\">\n            \n                            \n            <\/span>\n        <\/div>\n\n        \n        <div class=\"meafe-init-wrapper top\">\n            <div class=\"meafe-counter-wrapper\">\n\n                \n                <span class=\"meafe-counter-init\" id=\"counter-8c43e99\">0<\/span>\n\n                                    <span id=\"suffix\" class=\"counter-su-pre\">+<\/span>\n                            <\/div>\n                            <h4 class=\"meafe-counter-title\" >\n                    Clientes                <\/h4>\n                    <\/div>\n\n    \n        <\/div>\n\n        \t\t<\/div>\n\t\t\t\t<\/div>\n\t\t\t\t<div class=\"elementor-element elementor-element-c940b9c elementor-widget elementor-widget-meafe-counter\" data-id=\"c940b9c\" data-element_type=\"widget\" data-widget_type=\"meafe-counter.default\">\n\t\t\t\t<div class=\"elementor-widget-container\">\n\t\t\t\n        <div class=\"meafe-counter meafe-counter-area\" data-duration=\"3000\" data-from-value=\"0\" data-to-value=\"50\" data-delimiter=\"\" data-rounding=\"0\">\n                    <div class=\"meafe-counter-icon top\">\n                        <span class=\"icon\" data-animation=\"\">\n            \n                            \n            <\/span>\n        <\/div>\n\n        \n        <div class=\"meafe-init-wrapper top\">\n            <div class=\"meafe-counter-wrapper\">\n\n                \n                <span class=\"meafe-counter-init\" id=\"counter-c940b9c\">0<\/span>\n\n                                    <span id=\"suffix\" class=\"counter-su-pre\">+<\/span>\n                            <\/div>\n                            <h4 class=\"meafe-counter-title\" >\n                    Projetos conclu\u00eddos                <\/h4>\n                    <\/div>\n\n    \n        <\/div>\n\n        \t\t<\/div>\n\t\t\t\t<\/div>\n\t\t\t\t<div class=\"elementor-element elementor-element-50ef0a2 elementor-widget elementor-widget-meafe-counter\" data-id=\"50ef0a2\" data-element_type=\"widget\" data-widget_type=\"meafe-counter.default\">\n\t\t\t\t<div class=\"elementor-widget-container\">\n\t\t\t\n        <div class=\"meafe-counter meafe-counter-area\" data-duration=\"3000\" data-from-value=\"0\" data-to-value=\"15\" data-delimiter=\"\" data-rounding=\"0\">\n                    <div class=\"meafe-counter-icon top\">\n                        <span class=\"icon\" data-animation=\"\">\n            \n                            \n            <\/span>\n        <\/div>\n\n        \n        <div class=\"meafe-init-wrapper top\">\n            <div class=\"meafe-counter-wrapper\">\n\n                \n                <span class=\"meafe-counter-init\" id=\"counter-50ef0a2\">0<\/span>\n\n                            <\/div>\n                            <h4 class=\"meafe-counter-title\" >\n                    Anos de experi\u00eancia                <\/h4>\n                    <\/div>\n\n    \n        <\/div>\n\n        \t\t<\/div>\n\t\t\t\t<\/div>\n\t\t\t\t<\/div>\n\t\t\t\t\t<\/div>\n\t\t\t\t<\/div>\n\t\t<div class=\"elementor-element elementor-element-cfdcff8 e-flex e-con-boxed e-con e-parent\" data-id=\"cfdcff8\" data-element_type=\"container\" data-settings=\"{&quot;background_background&quot;:&quot;classic&quot;}\" data-core-v316-plus=\"true\">\n\t\t\t\t\t<div class=\"e-con-inner\">\n\t\t\t\t<div class=\"elementor-element elementor-element-d0a92ef elementor-widget elementor-widget-heading\" data-id=\"d0a92ef\" data-element_type=\"widget\" data-widget_type=\"heading.default\">\n\t\t\t\t<div class=\"elementor-widget-container\">\n\t\t\t<h2 class=\"elementor-heading-title elementor-size-default\">Vamos trabalhar juntos no seu pr\u00f3ximo projeto \ud83c\udf88<\/h2>\t\t<\/div>\n\t\t\t\t<\/div>\n\t\t\t\t<div class=\"elementor-element elementor-element-c76ebfb elementor-widget elementor-widget-text-editor\" data-id=\"c76ebfb\" data-element_type=\"widget\" data-widget_type=\"text-editor.default\">\n\t\t\t\t<div class=\"elementor-widget-container\">\n\t\t\t\t\t\t\t<p>Garanta a tranquilidade e inova\u00e7\u00e3o tecnol\u00f3gica que os servi\u00e7os da L\u00edder de Sucesso podem te oferecer<\/p>\t\t\t\t\t\t<\/div>\n\t\t\t\t<\/div>\n\t\t\t\t<div class=\"elementor-element elementor-element-d1bf638 elementor-align-center elementor-widget elementor-widget-button\" data-id=\"d1bf638\" data-element_type=\"widget\" data-widget_type=\"button.default\">\n\t\t\t\t<div class=\"elementor-widget-container\">\n\t\t\t\t\t<div class=\"elementor-button-wrapper\">\n\t\t\t<a class=\"elementor-button elementor-button-link elementor-size-sm\" href=\"\/index.php\/contact-us\/\">\n\t\t\t\t\t\t<span class=\"elementor-button-content-wrapper\">\n\t\t\t\t\t\t<span class=\"elementor-button-icon elementor-align-icon-right\">\n\t\t\t\t<svg aria-hidden=\"true\" class=\"e-font-icon-svg e-fas-angle-right\" viewBox=\"0 0 256 512\" xmlns=\"http:\/\/www.w3.org\/2000\/svg\"><path d=\"M224.3 273l-136 136c-9.4 9.4-24.6 9.4-33.9 0l-22.6-22.6c-9.4-9.4-9.4-24.6 0-33.9l96.4-96.4-96.4-96.4c-9.4-9.4-9.4-24.6 0-33.9L54.3 103c9.4-9.4 24.6-9.4 33.9 0l136 136c9.5 9.4 9.5 24.6.1 34z\"><\/path><\/svg>\t\t\t<\/span>\n\t\t\t\t\t\t<span class=\"elementor-button-text\">Vamos come\u00e7ar<\/span>\n\t\t<\/span>\n\t\t\t\t\t<\/a>\n\t\t<\/div>\n\t\t\t\t<\/div>\n\t\t\t\t<\/div>\n\t\t\t\t\t<\/div>\n\t\t\t\t<\/div>\n\t\t\t\t<\/div>\n\t\t","protected":false},"excerpt":{"rendered":"<p>Nossos servi\u00e7os Servi\u00e7os simples que agregam valor e revolucionam o seu neg\u00f3cio. Cloud Computing Migra\u00e7\u00e3o, gest\u00e3o, arquitetura de solu\u00e7\u00f5es, redu\u00e7\u00e3o de custos, otimiza\u00e7\u00e3o do desempenho e seguran\u00e7a Teste e Qualidade\u200b [&hellip;]<\/p>\n","protected":false},"author":1,"featured_media":0,"parent":0,"menu_order":0,"comment_status":"closed","ping_status":"closed","template":"elementor_header_footer","meta":{"breadcrumbs_single_post":"","page_title_panel":"","breadcrumbs_single_page":"","single_page_alignment":"","single_page_margin":"","page_structure_type":"","content_style_source":"","content_style":"","blog_post_streched_ed":"","blog_page_streched_ed":"","has_transparent_header":"","disable_transparent_header":"","vertical_spacing_source":"","content_area_spacing":"","single_post_content_background":"","single_page_content_background":"","single_post_boxed_content_spacing":"","single_page_boxed_content_spacing":"","single_post_content_boxed_radius":"","single_page_content_boxed_radius":"","disable_featured_image":"","disable_post_tags":"","disable_author_box":"","disable_posts_navigation":"","disable_comments":"","disable_related_posts":"","disable_header":"","disable_footer":"","footnotes":""},"class_list":["post-122","page","type-page","status-publish","hentry","rishi-post","no-post-thumbnail"],"_links":{"self":[{"href":"https:\/\/liderdesucesso.com\/index.php\/wp-json\/wp\/v2\/pages\/122","targetHints":{"allow":["GET"]}}],"collection":[{"href":"https:\/\/liderdesucesso.com\/index.php\/wp-json\/wp\/v2\/pages"}],"about":[{"href":"https:\/\/liderdesucesso.com\/index.php\/wp-json\/wp\/v2\/types\/page"}],"author":[{"embeddable":true,"href":"https:\/\/liderdesucesso.com\/index.php\/wp-json\/wp\/v2\/users\/1"}],"replies":[{"embeddable":true,"href":"https:\/\/liderdesucesso.com\/index.php\/wp-json\/wp\/v2\/comments?post=122"}],"version-history":[{"count":69,"href":"https:\/\/liderdesucesso.com\/index.php\/wp-json\/wp\/v2\/pages\/122\/revisions"}],"predecessor-version":[{"id":3991,"href":"https:\/\/liderdesucesso.com\/index.php\/wp-json\/wp\/v2\/pages\/122\/revisions\/3991"}],"wp:attachment":[{"href":"https:\/\/liderdesucesso.com\/index.php\/wp-json\/wp\/v2\/media?parent=122"}],"curies":[{"name":"wp","href":"https:\/\/api.w.org\/{rel}","templated":true}]}}